{"id":48,"date":"2021-04-08T10:05:24","date_gmt":"2021-04-08T10:05:24","guid":{"rendered":"http:\/\/wfj.salver.se\/?page_id=48"},"modified":"2021-04-08T10:05:26","modified_gmt":"2021-04-08T10:05:26","slug":"aterstall-losenord","status":"publish","type":"page","link":"https:\/\/wfj.salver.se\/gb\/aterstall-losenord\/","title":{"rendered":"\u00c5terst\u00e4ll l\u00f6senord"},"content":{"rendered":"","protected":false},"excerpt":{"rendered":"","protected":false},"author":1,"featured_media":0,"parent":0,"menu_order":0,"comment_status":"closed","ping_status":"closed","template":"","meta":[],"translation":{"provider":"WPGlobus","version":"2.7.3","language":"gb","enabled_languages":["sv","gb","de"],"languages":{"sv":{"title":true,"content":false,"excerpt":false},"gb":{"title":false,"content":false,"excerpt":false},"de":{"title":false,"content":false,"excerpt":false}}},"_links":{"self":[{"href":"https:\/\/wfj.salver.se\/gb\/wp-json\/wp\/v2\/pages\/48"}],"collection":[{"href":"https:\/\/wfj.salver.se\/gb\/wp-json\/wp\/v2\/pages"}],"about":[{"href":"https:\/\/wfj.salver.se\/gb\/wp-json\/wp\/v2\/types\/page"}],"author":[{"embeddable":true,"href":"https:\/\/wfj.salver.se\/gb\/wp-json\/wp\/v2\/users\/1"}],"replies":[{"embeddable":true,"href":"https:\/\/wfj.salver.se\/gb\/wp-json\/wp\/v2\/comments?post=48"}],"version-history":[{"count":1,"href":"https:\/\/wfj.salver.se\/gb\/wp-json\/wp\/v2\/pages\/48\/revisions"}],"predecessor-version":[{"id":49,"href":"https:\/\/wfj.salver.se\/gb\/wp-json\/wp\/v2\/pages\/48\/revisions\/49"}],"wp:attachment":[{"href":"https:\/\/wfj.salver.se\/gb\/wp-json\/wp\/v2\/media?parent=48"}],"curies":[{"name":"wp","href":"https:\/\/api.w.org\/{rel}","templated":true}]}}