{"id":163,"date":"2021-05-05T15:35:28","date_gmt":"2021-05-05T14:35:28","guid":{"rendered":"http:\/\/wfj.salver.se\/?page_id=163"},"modified":"2021-05-22T22:20:46","modified_gmt":"2021-05-22T21:20:46","slug":"vadstena","status":"publish","type":"page","link":"https:\/\/wfj.salver.se\/gb\/vadstena\/","title":{"rendered":"Nyfiken p\u00e5 Vadstena"},"content":{"rendered":"\n<p>Vadstena \u00e4r den heliga Birgittas stad, Gustav Vasas stad, sev\u00e4rdheternas och aktiviteternas stad<\/p>\n\n\n\n<p>H\u00e4r finns b\u00e5de mycket att g\u00f6ra och att se. <br>En medeltida stadsk\u00e4rna med butiker, unika sev\u00e4rdheter som Vadstena Slott, Klosterkyrkan, mus\u00e9er och givetvis stadens vackra j\u00e4rnv\u00e4g. <br>Det finns m\u00e4ngder av aktiviteter och dessutom ett blomstrande n\u00e4ringsliv.<br>V\u00e4lkommen till Vadstena, och vill du veta mer innan du reser hit finns information p\u00e5.<\/p>\n\n\n\n<ul><li><a rel=\"noreferrer noopener\" href=\"https:\/\/upplevvadstena.se\/\" target=\"_blank\">Upplev Vadstena<\/a><\/li><li><a rel=\"noreferrer noopener\" href=\"http:\/\/www.omberg.info\/destinations\/omberg\/\" target=\"_blank\">Destination Omberg<\/a><\/li><li><a rel=\"noreferrer noopener\" href=\"https:\/\/runtvattern.se\/\" target=\"_blank\">Runt V\u00e4ttern<\/a><\/li><li><a rel=\"noreferrer noopener\" href=\"https:\/\/www.visitostergotland.se\/destinationer\/langs-vattern\/\" target=\"_blank\">Visit \u00d6sterg\u00f6tland<\/a><\/li><\/ul>\n\n\n\n<div class=\"wp-block-image\"><figure class=\"aligncenter size-medium is-resized\"><img loading=\"lazy\" src=\"http:\/\/wfj.salver.se\/wp-content\/uploads\/2021\/05\/Vadstena-Slott-300x225.jpg\" alt=\"Vadstena Slott\" class=\"wp-image-529\" width=\"440\" height=\"330\" srcset=\"https:\/\/wfj.salver.se\/wp-content\/uploads\/2021\/05\/Vadstena-Slott-300x225.jpg 300w, https:\/\/wfj.salver.se\/wp-content\/uploads\/2021\/05\/Vadstena-Slott-1024x768.jpg 1024w, https:\/\/wfj.salver.se\/wp-content\/uploads\/2021\/05\/Vadstena-Slott-768x576.jpg 768w, https:\/\/wfj.salver.se\/wp-content\/uploads\/2021\/05\/Vadstena-Slott-1536x1152.jpg 1536w, https:\/\/wfj.salver.se\/wp-content\/uploads\/2021\/05\/Vadstena-Slott-2048x1536.jpg 2048w\" sizes=\"(max-width: 440px) 100vw, 440px\" \/><\/figure><\/div>\n","protected":false},"excerpt":{"rendered":"<p>Vadstena \u00e4r den heliga Birgittas stad, Gustav Vasas stad, sev\u00e4rdheternas och aktiviteternas stad H\u00e4r finns b\u00e5de mycket att g\u00f6ra och att se. En medeltida stadsk\u00e4rna&hellip;<\/p>\n","protected":false},"author":1,"featured_media":0,"parent":0,"menu_order":0,"comment_status":"closed","ping_status":"closed","template":"","meta":[],"translation":{"provider":"WPGlobus","version":"2.7.3","language":"gb","enabled_languages":["sv","gb","de"],"languages":{"sv":{"title":true,"content":true,"excerpt":false},"gb":{"title":false,"content":false,"excerpt":false},"de":{"title":false,"content":false,"excerpt":false}}},"_links":{"self":[{"href":"https:\/\/wfj.salver.se\/gb\/wp-json\/wp\/v2\/pages\/163"}],"collection":[{"href":"https:\/\/wfj.salver.se\/gb\/wp-json\/wp\/v2\/pages"}],"about":[{"href":"https:\/\/wfj.salver.se\/gb\/wp-json\/wp\/v2\/types\/page"}],"author":[{"embeddable":true,"href":"https:\/\/wfj.salver.se\/gb\/wp-json\/wp\/v2\/users\/1"}],"replies":[{"embeddable":true,"href":"https:\/\/wfj.salver.se\/gb\/wp-json\/wp\/v2\/comments?post=163"}],"version-history":[{"count":24,"href":"https:\/\/wfj.salver.se\/gb\/wp-json\/wp\/v2\/pages\/163\/revisions"}],"predecessor-version":[{"id":780,"href":"https:\/\/wfj.salver.se\/gb\/wp-json\/wp\/v2\/pages\/163\/revisions\/780"}],"wp:attachment":[{"href":"https:\/\/wfj.salver.se\/gb\/wp-json\/wp\/v2\/media?parent=163"}],"curies":[{"name":"wp","href":"https:\/\/api.w.org\/{rel}","templated":true}]}}