{"id":162,"date":"2021-05-04T15:35:07","date_gmt":"2021-05-04T15:35:07","guid":{"rendered":"http:\/\/wfj.salver.se\/?page_id=162"},"modified":"2021-05-23T11:18:14","modified_gmt":"2021-05-23T10:18:14","slug":"museiforening-wfj","status":"publish","type":"page","link":"https:\/\/wfj.salver.se\/gb\/museiforening-wfj\/","title":{"rendered":"Museif\u00f6reningen Wadstena Fogelsta J\u00e4rnv\u00e4g"},"content":{"rendered":"\n<div class=\"wp-block-image\"><figure class=\"aligncenter size-large is-resized\"><img loading=\"lazy\" src=\"http:\/\/wfj.salver.se\/wp-content\/uploads\/2021\/05\/Vadstena_lokstall_2_lok_080830_CB-edited-1.jpg\" alt=\"\" class=\"wp-image-769\" width=\"737\" height=\"414\" srcset=\"https:\/\/wfj.salver.se\/wp-content\/uploads\/2021\/05\/Vadstena_lokstall_2_lok_080830_CB-edited-1.jpg 2500w, https:\/\/wfj.salver.se\/wp-content\/uploads\/2021\/05\/Vadstena_lokstall_2_lok_080830_CB-edited-1-300x169.jpg 300w, https:\/\/wfj.salver.se\/wp-content\/uploads\/2021\/05\/Vadstena_lokstall_2_lok_080830_CB-edited-1-1024x576.jpg 1024w, https:\/\/wfj.salver.se\/wp-content\/uploads\/2021\/05\/Vadstena_lokstall_2_lok_080830_CB-edited-1-768x432.jpg 768w, https:\/\/wfj.salver.se\/wp-content\/uploads\/2021\/05\/Vadstena_lokstall_2_lok_080830_CB-edited-1-1536x864.jpg 1536w, https:\/\/wfj.salver.se\/wp-content\/uploads\/2021\/05\/Vadstena_lokstall_2_lok_080830_CB-edited-1-2048x1152.jpg 2048w\" sizes=\"(max-width: 737px) 100vw, 737px\" \/><\/figure><\/div>\n\n\n\n<h3>Museif\u00f6reningen Wadstena Fogelsta J\u00e4rnv\u00e4g<\/h3>\n\n\n\n<p>Museifreningen WFJ, grundandes 1974 f\u00f6r att bevara det lilla som \u00e4r kvar av<br>\u00d6sterg\u00f6tlands smalsp\u00e5rsn\u00e4t. Idag finns av de ursprungliga 450 kilometrarna, bara den knappt en mil<br>l\u00e5nga str\u00e4ckan Vadstena-F\u00e5gelsta kvar. Banan \u00e4gs av Vadstena kommun och<br>Museif\u00f6reningen Wadstena Fogelsta J\u00e4rnv\u00e4g arrenderar den. <\/p>\n\n\n\n<p>F\u00f6reningen f\u00f6rfogar \u00f6ver 2 \u00e5nglok, en r\u00e4lsbuss, flera diesellok och ett betydande antal person- och<br>godsvagnar av olika representativa typer. F\u00f6reningen \u00e4r ocks\u00e5 utrustad med<br>maskiner f\u00f6r underh\u00e5ll av bana och fordon.<\/p>\n\n\n\n<div class=\"wp-block-columns\">\n<div class=\"wp-block-column\" style=\"flex-basis:66.66%\">\n<p>F\u00f6reningen best\u00e5r av drygt 200 medlemmar och vi v\u00e4lkomnar g\u00e4rna fler. <br>Vill du bli medlem, skriv ett mail till info@wfj.se med uppgifter om namn och adress och om du vill \u00e4ven telefonnummer.<br>Swisha 300 kronor till nummer 123 036 9850. Gl\u00f6m inte uppge namn.<br><br>Vill du ge en g\u00e5va f\u00f6r att hj\u00e4lpa oss i v\u00e5rat arbeta att bevara denna unika milj\u00f6 och j\u00e4rnv\u00e4g s\u00e5 \u00e4r vi glada f\u00f6r b\u00e5de det lilla och det stora.<\/p>\n<\/div>\n\n\n\n<div class=\"wp-block-column\" style=\"flex-basis:33.33%\">\n<figure class=\"wp-block-image size-large is-resized\"><img loading=\"lazy\" src=\"http:\/\/wfj.salver.se\/wp-content\/uploads\/2021\/05\/swish2021-919x1024.png\" alt=\"\" class=\"wp-image-738\" width=\"230\" height=\"256\" srcset=\"https:\/\/wfj.salver.se\/wp-content\/uploads\/2021\/05\/swish2021-919x1024.png 919w, https:\/\/wfj.salver.se\/wp-content\/uploads\/2021\/05\/swish2021-269x300.png 269w, https:\/\/wfj.salver.se\/wp-content\/uploads\/2021\/05\/swish2021-768x856.png 768w, https:\/\/wfj.salver.se\/wp-content\/uploads\/2021\/05\/swish2021.png 1287w\" sizes=\"(max-width: 230px) 100vw, 230px\" \/><\/figure>\n<\/div>\n<\/div>\n\n\n\n<figure class=\"wp-block-gallery columns-3 is-cropped\"><ul class=\"blocks-gallery-grid\"><li class=\"blocks-gallery-item\"><figure><img loading=\"lazy\" width=\"800\" height=\"600\" src=\"http:\/\/wfj.salver.se\/wp-content\/uploads\/2021\/05\/Ralsbusskurs_388_640x480.jpg\" alt=\"\" data-id=\"224\" data-full-url=\"http:\/\/wfj.salver.se\/wp-content\/uploads\/2021\/05\/Ralsbusskurs_388_640x480.jpg\" data-link=\"http:\/\/wfj.salver.se\/aka-tag\/attachment\/ralsbusskurs_388_640x480\/\" class=\"wp-image-224\" srcset=\"https:\/\/wfj.salver.se\/wp-content\/uploads\/2021\/05\/Ralsbusskurs_388_640x480.jpg 800w, https:\/\/wfj.salver.se\/wp-content\/uploads\/2021\/05\/Ralsbusskurs_388_640x480-300x225.jpg 300w, https:\/\/wfj.salver.se\/wp-content\/uploads\/2021\/05\/Ralsbusskurs_388_640x480-768x576.jpg 768w\" sizes=\"(max-width: 800px) 100vw, 800px\" \/><figcaption class=\"blocks-gallery-item__caption\">SJ YB05p 808<\/figcaption><\/figure><\/li><li class=\"blocks-gallery-item\"><figure><img loading=\"lazy\" width=\"960\" height=\"720\" src=\"http:\/\/wfj.salver.se\/wp-content\/uploads\/2021\/04\/NKlJ-Bm-2.jpg\" alt=\"\" data-id=\"93\" data-full-url=\"http:\/\/wfj.salver.se\/wp-content\/uploads\/2021\/04\/NKlJ-Bm-2.jpg\" data-link=\"http:\/\/wfj.salver.se\/nklj-bm-2\/\" class=\"wp-image-93\" srcset=\"https:\/\/wfj.salver.se\/wp-content\/uploads\/2021\/04\/NKlJ-Bm-2.jpg 960w, https:\/\/wfj.salver.se\/wp-content\/uploads\/2021\/04\/NKlJ-Bm-2-300x225.jpg 300w, https:\/\/wfj.salver.se\/wp-content\/uploads\/2021\/04\/NKlJ-Bm-2-768x576.jpg 768w\" sizes=\"(max-width: 960px) 100vw, 960px\" \/><figcaption class=\"blocks-gallery-item__caption\">NKLJ bm 2<\/figcaption><\/figure><\/li><li class=\"blocks-gallery-item\"><figure><img loading=\"lazy\" width=\"1024\" height=\"745\" src=\"http:\/\/wfj.salver.se\/wp-content\/uploads\/2021\/05\/Storugns-m-finka-pa-Vst-station-130825-1024x745.jpg\" alt=\"\" data-id=\"421\" data-full-url=\"http:\/\/wfj.salver.se\/wp-content\/uploads\/2021\/05\/Storugns-m-finka-pa-Vst-station-130825-scaled.jpg\" data-link=\"http:\/\/wfj.salver.se\/aka-tag\/attachment\/storugns-m-finka-pa-vst-station-130825\/\" class=\"wp-image-421\" srcset=\"https:\/\/wfj.salver.se\/wp-content\/uploads\/2021\/05\/Storugns-m-finka-pa-Vst-station-130825-1024x745.jpg 1024w, https:\/\/wfj.salver.se\/wp-content\/uploads\/2021\/05\/Storugns-m-finka-pa-Vst-station-130825-300x218.jpg 300w, https:\/\/wfj.salver.se\/wp-content\/uploads\/2021\/05\/Storugns-m-finka-pa-Vst-station-130825-768x559.jpg 768w, https:\/\/wfj.salver.se\/wp-content\/uploads\/2021\/05\/Storugns-m-finka-pa-Vst-station-130825-1536x1117.jpg 1536w, https:\/\/wfj.salver.se\/wp-content\/uploads\/2021\/05\/Storugns-m-finka-pa-Vst-station-130825-2048x1490.jpg 2048w\" sizes=\"(max-width: 1024px) 100vw, 1024px\" \/><figcaption class=\"blocks-gallery-item__caption\">Storugns 3<\/figcaption><\/figure><\/li><li class=\"blocks-gallery-item\"><figure><img loading=\"lazy\" width=\"800\" height=\"762\" src=\"http:\/\/wfj.salver.se\/wp-content\/uploads\/2021\/04\/Hulken-2007-CB.jpg\" alt=\"\" data-id=\"92\" data-full-url=\"http:\/\/wfj.salver.se\/wp-content\/uploads\/2021\/04\/Hulken-2007-CB.jpg\" data-link=\"http:\/\/wfj.salver.se\/hulken-2007-cb\/\" class=\"wp-image-92\" srcset=\"https:\/\/wfj.salver.se\/wp-content\/uploads\/2021\/04\/Hulken-2007-CB.jpg 800w, https:\/\/wfj.salver.se\/wp-content\/uploads\/2021\/04\/Hulken-2007-CB-300x286.jpg 300w, https:\/\/wfj.salver.se\/wp-content\/uploads\/2021\/04\/Hulken-2007-CB-768x732.jpg 768w\" sizes=\"(max-width: 800px) 100vw, 800px\" \/><figcaption class=\"blocks-gallery-item__caption\">Hulken<\/figcaption><\/figure><\/li><li class=\"blocks-gallery-item\"><figure><img loading=\"lazy\" width=\"800\" height=\"747\" src=\"http:\/\/wfj.salver.se\/wp-content\/uploads\/2021\/04\/Cloetta-vid-slottet-2004-BESK.jpg\" alt=\"\" data-id=\"91\" data-full-url=\"http:\/\/wfj.salver.se\/wp-content\/uploads\/2021\/04\/Cloetta-vid-slottet-2004-BESK.jpg\" data-link=\"http:\/\/wfj.salver.se\/cloetta-vid-slottet-2004-besk\/\" class=\"wp-image-91\" srcset=\"https:\/\/wfj.salver.se\/wp-content\/uploads\/2021\/04\/Cloetta-vid-slottet-2004-BESK.jpg 800w, https:\/\/wfj.salver.se\/wp-content\/uploads\/2021\/04\/Cloetta-vid-slottet-2004-BESK-300x280.jpg 300w, https:\/\/wfj.salver.se\/wp-content\/uploads\/2021\/04\/Cloetta-vid-slottet-2004-BESK-768x717.jpg 768w\" sizes=\"(max-width: 800px) 100vw, 800px\" \/><figcaption class=\"blocks-gallery-item__caption\">Cloetta<\/figcaption><\/figure><\/li><li class=\"blocks-gallery-item\"><figure><img loading=\"lazy\" width=\"800\" height=\"600\" src=\"http:\/\/wfj.salver.se\/wp-content\/uploads\/2021\/04\/Z4p-259.jpg\" alt=\"\" data-id=\"90\" data-full-url=\"http:\/\/wfj.salver.se\/wp-content\/uploads\/2021\/04\/Z4p-259.jpg\" data-link=\"http:\/\/wfj.salver.se\/z4p-259\/\" class=\"wp-image-90\" srcset=\"https:\/\/wfj.salver.se\/wp-content\/uploads\/2021\/04\/Z4p-259.jpg 800w, https:\/\/wfj.salver.se\/wp-content\/uploads\/2021\/04\/Z4p-259-300x225.jpg 300w, https:\/\/wfj.salver.se\/wp-content\/uploads\/2021\/04\/Z4p-259-768x576.jpg 768w\" sizes=\"(max-width: 800px) 100vw, 800px\" \/><figcaption class=\"blocks-gallery-item__caption\">SJ Z4p 258<\/figcaption><\/figure><\/li><li class=\"blocks-gallery-item\"><figure><img loading=\"lazy\" width=\"1024\" height=\"714\" src=\"http:\/\/wfj.salver.se\/wp-content\/uploads\/2021\/05\/S2p-3037-vid-lokstallet-090808-B-1024x714.jpg\" alt=\"\" data-id=\"420\" data-full-url=\"http:\/\/wfj.salver.se\/wp-content\/uploads\/2021\/05\/S2p-3037-vid-lokstallet-090808-B-scaled.jpg\" data-link=\"http:\/\/wfj.salver.se\/aka-tag\/attachment\/olympus-digital-camera-2\/\" class=\"wp-image-420\" srcset=\"https:\/\/wfj.salver.se\/wp-content\/uploads\/2021\/05\/S2p-3037-vid-lokstallet-090808-B-1024x714.jpg 1024w, https:\/\/wfj.salver.se\/wp-content\/uploads\/2021\/05\/S2p-3037-vid-lokstallet-090808-B-300x209.jpg 300w, https:\/\/wfj.salver.se\/wp-content\/uploads\/2021\/05\/S2p-3037-vid-lokstallet-090808-B-768x536.jpg 768w, https:\/\/wfj.salver.se\/wp-content\/uploads\/2021\/05\/S2p-3037-vid-lokstallet-090808-B-1536x1072.jpg 1536w, https:\/\/wfj.salver.se\/wp-content\/uploads\/2021\/05\/S2p-3037-vid-lokstallet-090808-B-2048x1429.jpg 2048w\" sizes=\"(max-width: 1024px) 100vw, 1024px\" \/><figcaption class=\"blocks-gallery-item__caption\">SJ S2p 3037<\/figcaption><\/figure><\/li><\/ul><\/figure>\n\n\n\n<p><\/p>\n","protected":false},"excerpt":{"rendered":"<p>Museif\u00f6reningen Wadstena Fogelsta J\u00e4rnv\u00e4g Museifreningen WFJ, grundandes 1974 f\u00f6r att bevara det lilla som \u00e4r kvar av\u00d6sterg\u00f6tlands smalsp\u00e5rsn\u00e4t. Idag finns av de ursprungliga 450 kilometrarna,&hellip;<\/p>\n","protected":false},"author":1,"featured_media":0,"parent":0,"menu_order":0,"comment_status":"closed","ping_status":"closed","template":"","meta":[],"translation":{"provider":"WPGlobus","version":"2.7.3","language":"gb","enabled_languages":["sv","gb","de"],"languages":{"sv":{"title":true,"content":true,"excerpt":false},"gb":{"title":false,"content":false,"excerpt":false},"de":{"title":false,"content":false,"excerpt":false}}},"_links":{"self":[{"href":"https:\/\/wfj.salver.se\/gb\/wp-json\/wp\/v2\/pages\/162"}],"collection":[{"href":"https:\/\/wfj.salver.se\/gb\/wp-json\/wp\/v2\/pages"}],"about":[{"href":"https:\/\/wfj.salver.se\/gb\/wp-json\/wp\/v2\/types\/page"}],"author":[{"embeddable":true,"href":"https:\/\/wfj.salver.se\/gb\/wp-json\/wp\/v2\/users\/1"}],"replies":[{"embeddable":true,"href":"https:\/\/wfj.salver.se\/gb\/wp-json\/wp\/v2\/comments?post=162"}],"version-history":[{"count":16,"href":"https:\/\/wfj.salver.se\/gb\/wp-json\/wp\/v2\/pages\/162\/revisions"}],"predecessor-version":[{"id":787,"href":"https:\/\/wfj.salver.se\/gb\/wp-json\/wp\/v2\/pages\/162\/revisions\/787"}],"wp:attachment":[{"href":"https:\/\/wfj.salver.se\/gb\/wp-json\/wp\/v2\/media?parent=162"}],"curies":[{"name":"wp","href":"https:\/\/api.w.org\/{rel}","templated":true}]}}