{"id":159,"date":"2021-05-04T15:34:35","date_gmt":"2021-05-04T14:34:35","guid":{"rendered":"http:\/\/wfj.salver.se\/?page_id=159"},"modified":"2021-06-02T14:43:31","modified_gmt":"2021-06-02T13:43:31","slug":"cykla-dressin","status":"publish","type":"page","link":"https:\/\/wfj.salver.se\/gb\/cykla-dressin\/","title":{"rendered":"Cykla Dressin"},"content":{"rendered":"\n<h4><br><\/h4>\n\n\n\n<div class=\"wp-block-image\"><figure class=\"aligncenter size-large is-resized\"><img loading=\"lazy\" src=\"http:\/\/wfj.salver.se\/wp-content\/uploads\/2021\/05\/20200731_dressin_vadstena_fagelsta1242-edited-scaled.jpg\" alt=\"\" class=\"wp-image-762\" width=\"677\" height=\"380\" srcset=\"https:\/\/wfj.salver.se\/wp-content\/uploads\/2021\/05\/20200731_dressin_vadstena_fagelsta1242-edited-scaled.jpg 2560w, https:\/\/wfj.salver.se\/wp-content\/uploads\/2021\/05\/20200731_dressin_vadstena_fagelsta1242-edited-300x169.jpg 300w, https:\/\/wfj.salver.se\/wp-content\/uploads\/2021\/05\/20200731_dressin_vadstena_fagelsta1242-edited-1024x577.jpg 1024w, https:\/\/wfj.salver.se\/wp-content\/uploads\/2021\/05\/20200731_dressin_vadstena_fagelsta1242-edited-768x432.jpg 768w, https:\/\/wfj.salver.se\/wp-content\/uploads\/2021\/05\/20200731_dressin_vadstena_fagelsta1242-edited-1536x865.jpg 1536w, https:\/\/wfj.salver.se\/wp-content\/uploads\/2021\/05\/20200731_dressin_vadstena_fagelsta1242-edited-2048x1153.jpg 2048w\" sizes=\"(max-width: 677px) 100vw, 677px\" \/><figcaption>Foto Jeppe Gustafsson\/Bild \u00d6sterg\u00f6tland<\/figcaption><\/figure><\/div>\n\n\n\n<h3>Cykla Dressin &#8211; enast\u00e5ende upplevelse p\u00e5 Sveriges \u00e4ldsta smalsp\u00e5riga j\u00e4rnv\u00e4g<\/h3>\n\n\n\n<p>Trampa iv\u00e4g fr\u00e5n startplatsen&nbsp;precis som ett t\u00e5g.&nbsp;Du \u00e5ker genom ett vackert jordbrukslandskap. P\u00e5 resan passerar du flera stora g\u00e5rdar och efter ca 4 km korsar du den privata j\u00e4rnv\u00e4gen Aska Vedbana. H\u00e5ll g\u00e4rna utkik efter f\u00e5glar d\u00e5 trakten \u00e4r ber\u00f6md f\u00f6r sin artrikedom.<\/p>\n\n\n\n<p>Slutstationen F\u00e5gelsta kommer du till efter 8 km. Vill du inte trampa s\u00e5 l\u00e5ngt kan du n\u00e4r som helst v\u00e4nda dressinen och cykla tillbaka. P\u00e5 \u00e5terf\u00e4rden&nbsp;\u00e4r utsikten mot Vadstena och \u00f6ver V\u00e4ttern h\u00e4nf\u00f6rande.<\/p>\n\n\n\n<p>Det \u00e4r en alldeles speciell k\u00e4nsla att passera r\u00e4lsskarvarna med dressinen. Att k\u00e4nna den l\u00e5ga friktionen med hjulen mot r\u00e4lsen. Det \u00e4r lika l\u00e4tt som att cykla. <br>Du f\u00e4rdas i din egen takt och tar pauser n\u00e4r du vill. <\/p>\n\n\n\n<p>Ta g\u00e4rna med picknick och stanna vid en rastplats l\u00e4ngs banan.<br><br>\u00d6ppettider 2021<br>juni, juli och augusti. Passen \u00e4r 3 timmar.<br>F\u00f6r aktuella dagar och tider, se bokningssidan.<br>Pris per dressin och pass 295 SEK<\/p>\n\n\n\n<div class=\"wp-block-buttons\">\n<div class=\"wp-block-button is-style-outline\"><a class=\"wp-block-button__link\" href=\"https:\/\/salver.se\/app\/walk\/448\" target=\"_blank\" rel=\"noreferrer noopener\">Boka dressin<\/a><\/div>\n<\/div>\n\n\n\n<h4>Dressin \u00e4r rullande roligt!<\/h4>\n\n\n\n<figure class=\"wp-block-gallery columns-3 is-cropped\"><ul class=\"blocks-gallery-grid\"><li class=\"blocks-gallery-item\"><figure><img loading=\"lazy\" width=\"2560\" height=\"1707\" src=\"http:\/\/wfj.salver.se\/wp-content\/uploads\/2021\/05\/20200731_dressin_vadstena_fagelsta1458-scaled.jpg\" alt=\"\" data-id=\"615\" data-full-url=\"http:\/\/wfj.salver.se\/wp-content\/uploads\/2021\/05\/20200731_dressin_vadstena_fagelsta1458-scaled.jpg\" data-link=\"http:\/\/wfj.salver.se\/cykla-dressin\/attachment\/20200731_dressin_vadstena_fagelsta1458\/\" class=\"wp-image-615\" srcset=\"https:\/\/wfj.salver.se\/wp-content\/uploads\/2021\/05\/20200731_dressin_vadstena_fagelsta1458-scaled.jpg 2560w, https:\/\/wfj.salver.se\/wp-content\/uploads\/2021\/05\/20200731_dressin_vadstena_fagelsta1458-300x200.jpg 300w, https:\/\/wfj.salver.se\/wp-content\/uploads\/2021\/05\/20200731_dressin_vadstena_fagelsta1458-1024x683.jpg 1024w, https:\/\/wfj.salver.se\/wp-content\/uploads\/2021\/05\/20200731_dressin_vadstena_fagelsta1458-768x512.jpg 768w, https:\/\/wfj.salver.se\/wp-content\/uploads\/2021\/05\/20200731_dressin_vadstena_fagelsta1458-1536x1024.jpg 1536w, https:\/\/wfj.salver.se\/wp-content\/uploads\/2021\/05\/20200731_dressin_vadstena_fagelsta1458-2048x1365.jpg 2048w\" sizes=\"(max-width: 2560px) 100vw, 2560px\" \/><figcaption class=\"blocks-gallery-item__caption\">Foto Jeppe Gustafsson\/Bild \u00d6sterg\u00f6tland<\/figcaption><\/figure><\/li><li class=\"blocks-gallery-item\"><figure><img loading=\"lazy\" width=\"2560\" height=\"1730\" src=\"http:\/\/wfj.salver.se\/wp-content\/uploads\/2021\/05\/20200731_dressin_vadstena_fagelsta1210-scaled.jpg\" alt=\"\" data-id=\"614\" data-full-url=\"http:\/\/wfj.salver.se\/wp-content\/uploads\/2021\/05\/20200731_dressin_vadstena_fagelsta1210-scaled.jpg\" data-link=\"http:\/\/wfj.salver.se\/cykla-dressin\/attachment\/20200731_dressin_vadstena_fagelsta1210\/\" class=\"wp-image-614\" srcset=\"https:\/\/wfj.salver.se\/wp-content\/uploads\/2021\/05\/20200731_dressin_vadstena_fagelsta1210-scaled.jpg 2560w, https:\/\/wfj.salver.se\/wp-content\/uploads\/2021\/05\/20200731_dressin_vadstena_fagelsta1210-300x203.jpg 300w, https:\/\/wfj.salver.se\/wp-content\/uploads\/2021\/05\/20200731_dressin_vadstena_fagelsta1210-1024x692.jpg 1024w, https:\/\/wfj.salver.se\/wp-content\/uploads\/2021\/05\/20200731_dressin_vadstena_fagelsta1210-768x519.jpg 768w, https:\/\/wfj.salver.se\/wp-content\/uploads\/2021\/05\/20200731_dressin_vadstena_fagelsta1210-1536x1038.jpg 1536w, https:\/\/wfj.salver.se\/wp-content\/uploads\/2021\/05\/20200731_dressin_vadstena_fagelsta1210-2048x1384.jpg 2048w\" sizes=\"(max-width: 2560px) 100vw, 2560px\" \/><figcaption class=\"blocks-gallery-item__caption\">Foto Jeppe Gustafsson\/Bild \u00d6sterg\u00f6tland<\/figcaption><\/figure><\/li><li class=\"blocks-gallery-item\"><figure><img loading=\"lazy\" width=\"2560\" height=\"1674\" src=\"http:\/\/wfj.salver.se\/wp-content\/uploads\/2021\/05\/20200731_dressin_vadstena_fagelsta1526-1-scaled.jpg\" alt=\"\" data-id=\"591\" data-full-url=\"http:\/\/wfj.salver.se\/wp-content\/uploads\/2021\/05\/20200731_dressin_vadstena_fagelsta1526-1-scaled.jpg\" data-link=\"http:\/\/wfj.salver.se\/20200731_dressin_vadstena_fagelsta1526-2\/\" class=\"wp-image-591\" srcset=\"https:\/\/wfj.salver.se\/wp-content\/uploads\/2021\/05\/20200731_dressin_vadstena_fagelsta1526-1-scaled.jpg 2560w, https:\/\/wfj.salver.se\/wp-content\/uploads\/2021\/05\/20200731_dressin_vadstena_fagelsta1526-1-300x196.jpg 300w, https:\/\/wfj.salver.se\/wp-content\/uploads\/2021\/05\/20200731_dressin_vadstena_fagelsta1526-1-1024x669.jpg 1024w, https:\/\/wfj.salver.se\/wp-content\/uploads\/2021\/05\/20200731_dressin_vadstena_fagelsta1526-1-768x502.jpg 768w, https:\/\/wfj.salver.se\/wp-content\/uploads\/2021\/05\/20200731_dressin_vadstena_fagelsta1526-1-1536x1004.jpg 1536w, https:\/\/wfj.salver.se\/wp-content\/uploads\/2021\/05\/20200731_dressin_vadstena_fagelsta1526-1-2048x1339.jpg 2048w\" sizes=\"(max-width: 2560px) 100vw, 2560px\" \/><figcaption class=\"blocks-gallery-item__caption\">Foto Jeppe Gustafsson\/Bild \u00d6sterg\u00f6tland<\/figcaption><\/figure><\/li><li class=\"blocks-gallery-item\"><figure><img loading=\"lazy\" width=\"1879\" height=\"2560\" src=\"http:\/\/wfj.salver.se\/wp-content\/uploads\/2021\/05\/20200731_dressin_vadstena_fagelsta1189-scaled.jpg\" alt=\"\" data-id=\"613\" data-full-url=\"http:\/\/wfj.salver.se\/wp-content\/uploads\/2021\/05\/20200731_dressin_vadstena_fagelsta1189-scaled.jpg\" data-link=\"http:\/\/wfj.salver.se\/cykla-dressin\/attachment\/20200731_dressin_vadstena_fagelsta1189\/\" class=\"wp-image-613\" srcset=\"https:\/\/wfj.salver.se\/wp-content\/uploads\/2021\/05\/20200731_dressin_vadstena_fagelsta1189-scaled.jpg 1879w, https:\/\/wfj.salver.se\/wp-content\/uploads\/2021\/05\/20200731_dressin_vadstena_fagelsta1189-220x300.jpg 220w, https:\/\/wfj.salver.se\/wp-content\/uploads\/2021\/05\/20200731_dressin_vadstena_fagelsta1189-752x1024.jpg 752w, https:\/\/wfj.salver.se\/wp-content\/uploads\/2021\/05\/20200731_dressin_vadstena_fagelsta1189-768x1046.jpg 768w, https:\/\/wfj.salver.se\/wp-content\/uploads\/2021\/05\/20200731_dressin_vadstena_fagelsta1189-1127x1536.jpg 1127w, https:\/\/wfj.salver.se\/wp-content\/uploads\/2021\/05\/20200731_dressin_vadstena_fagelsta1189-1503x2048.jpg 1503w\" sizes=\"(max-width: 1879px) 100vw, 1879px\" \/><figcaption class=\"blocks-gallery-item__caption\">Foto Jeppe Gustafsson\/Bild \u00d6sterg\u00f6tland<\/figcaption><\/figure><\/li><li class=\"blocks-gallery-item\"><figure><img loading=\"lazy\" width=\"2560\" height=\"1707\" src=\"http:\/\/wfj.salver.se\/wp-content\/uploads\/2021\/05\/20200731_dressin_vadstena_fagelsta1335-scaled.jpg\" alt=\"\" data-id=\"616\" data-full-url=\"http:\/\/wfj.salver.se\/wp-content\/uploads\/2021\/05\/20200731_dressin_vadstena_fagelsta1335-scaled.jpg\" data-link=\"http:\/\/wfj.salver.se\/cykla-dressin\/attachment\/20200731_dressin_vadstena_fagelsta1335\/\" class=\"wp-image-616\" srcset=\"https:\/\/wfj.salver.se\/wp-content\/uploads\/2021\/05\/20200731_dressin_vadstena_fagelsta1335-scaled.jpg 2560w, https:\/\/wfj.salver.se\/wp-content\/uploads\/2021\/05\/20200731_dressin_vadstena_fagelsta1335-300x200.jpg 300w, https:\/\/wfj.salver.se\/wp-content\/uploads\/2021\/05\/20200731_dressin_vadstena_fagelsta1335-1024x683.jpg 1024w, https:\/\/wfj.salver.se\/wp-content\/uploads\/2021\/05\/20200731_dressin_vadstena_fagelsta1335-768x512.jpg 768w, https:\/\/wfj.salver.se\/wp-content\/uploads\/2021\/05\/20200731_dressin_vadstena_fagelsta1335-1536x1024.jpg 1536w, https:\/\/wfj.salver.se\/wp-content\/uploads\/2021\/05\/20200731_dressin_vadstena_fagelsta1335-2048x1365.jpg 2048w\" sizes=\"(max-width: 2560px) 100vw, 2560px\" \/><figcaption class=\"blocks-gallery-item__caption\">Foto Jeppe Gustafsson\/Bild \u00d6sterg\u00f6tland<\/figcaption><\/figure><\/li><li class=\"blocks-gallery-item\"><figure><img loading=\"lazy\" width=\"2560\" height=\"1920\" src=\"http:\/\/wfj.salver.se\/wp-content\/uploads\/2021\/05\/P5230004-scaled.jpg\" alt=\"\" data-id=\"417\" data-full-url=\"http:\/\/wfj.salver.se\/wp-content\/uploads\/2021\/05\/P5230004-scaled.jpg\" data-link=\"http:\/\/wfj.salver.se\/aka-tag\/attachment\/olympus-digital-camera\/\" class=\"wp-image-417\" srcset=\"https:\/\/wfj.salver.se\/wp-content\/uploads\/2021\/05\/P5230004-scaled.jpg 2560w, https:\/\/wfj.salver.se\/wp-content\/uploads\/2021\/05\/P5230004-300x225.jpg 300w, https:\/\/wfj.salver.se\/wp-content\/uploads\/2021\/05\/P5230004-1024x768.jpg 1024w, https:\/\/wfj.salver.se\/wp-content\/uploads\/2021\/05\/P5230004-768x576.jpg 768w, https:\/\/wfj.salver.se\/wp-content\/uploads\/2021\/05\/P5230004-1536x1152.jpg 1536w, https:\/\/wfj.salver.se\/wp-content\/uploads\/2021\/05\/P5230004-2048x1536.jpg 2048w\" sizes=\"(max-width: 2560px) 100vw, 2560px\" \/><\/figure><\/li><\/ul><\/figure>\n\n\n\n<p><\/p>\n","protected":false},"excerpt":{"rendered":"<p>Cykla Dressin &#8211; enast\u00e5ende upplevelse p\u00e5 Sveriges \u00e4ldsta smalsp\u00e5riga j\u00e4rnv\u00e4g Trampa iv\u00e4g fr\u00e5n startplatsen&nbsp;precis som ett t\u00e5g.&nbsp;Du \u00e5ker genom ett vackert jordbrukslandskap. P\u00e5 resan passerar&hellip;<\/p>\n","protected":false},"author":1,"featured_media":0,"parent":0,"menu_order":0,"comment_status":"closed","ping_status":"closed","template":"","meta":[],"translation":{"provider":"WPGlobus","version":"2.7.3","language":"gb","enabled_languages":["sv","gb","de"],"languages":{"sv":{"title":true,"content":true,"excerpt":false},"gb":{"title":false,"content":false,"excerpt":false},"de":{"title":false,"content":false,"excerpt":false}}},"_links":{"self":[{"href":"https:\/\/wfj.salver.se\/gb\/wp-json\/wp\/v2\/pages\/159"}],"collection":[{"href":"https:\/\/wfj.salver.se\/gb\/wp-json\/wp\/v2\/pages"}],"about":[{"href":"https:\/\/wfj.salver.se\/gb\/wp-json\/wp\/v2\/types\/page"}],"author":[{"embeddable":true,"href":"https:\/\/wfj.salver.se\/gb\/wp-json\/wp\/v2\/users\/1"}],"replies":[{"embeddable":true,"href":"https:\/\/wfj.salver.se\/gb\/wp-json\/wp\/v2\/comments?post=159"}],"version-history":[{"count":36,"href":"https:\/\/wfj.salver.se\/gb\/wp-json\/wp\/v2\/pages\/159\/revisions"}],"predecessor-version":[{"id":842,"href":"https:\/\/wfj.salver.se\/gb\/wp-json\/wp\/v2\/pages\/159\/revisions\/842"}],"wp:attachment":[{"href":"https:\/\/wfj.salver.se\/gb\/wp-json\/wp\/v2\/media?parent=159"}],"curies":[{"name":"wp","href":"https:\/\/api.w.org\/{rel}","templated":true}]}}