{"id":8,"date":"2021-04-08T08:48:55","date_gmt":"2021-04-08T08:48:55","guid":{"rendered":"http:\/\/wfj.salver.se\/?page_id=8"},"modified":"2021-04-08T08:48:55","modified_gmt":"2021-04-08T08:48:55","slug":"kontakt","status":"publish","type":"page","link":"https:\/\/wfj.salver.se\/de\/kontakt\/","title":{"rendered":"Kontakt"},"content":{"rendered":"\n<p>Detta \u00e4r en sida med viss grundl\u00e4ggande kontaktinformation, s\u00e5som adress och telefonnummer. Du kan \u00e4ven prova n\u00e5got till\u00e4gg f\u00f6r att l\u00e4gga till ett kontaktformul\u00e4r.<\/p>\n","protected":false},"excerpt":{"rendered":"<p>Detta \u00e4r en sida med viss grundl\u00e4ggande kontaktinformation, s\u00e5som adress och telefonnummer. Du kan \u00e4ven prova n\u00e5got till\u00e4gg f\u00f6r att l\u00e4gga till ett kontaktformul\u00e4r.<\/p>\n","protected":false},"author":1,"featured_media":0,"parent":0,"menu_order":0,"comment_status":"closed","ping_status":"closed","template":"","meta":[],"translation":{"provider":"WPGlobus","version":"2.7.3","language":"de","enabled_languages":["sv","gb","de"],"languages":{"sv":{"title":true,"content":true,"excerpt":false},"gb":{"title":false,"content":false,"excerpt":false},"de":{"title":false,"content":false,"excerpt":false}}},"_links":{"self":[{"href":"https:\/\/wfj.salver.se\/de\/wp-json\/wp\/v2\/pages\/8"}],"collection":[{"href":"https:\/\/wfj.salver.se\/de\/wp-json\/wp\/v2\/pages"}],"about":[{"href":"https:\/\/wfj.salver.se\/de\/wp-json\/wp\/v2\/types\/page"}],"author":[{"embeddable":true,"href":"https:\/\/wfj.salver.se\/de\/wp-json\/wp\/v2\/users\/1"}],"replies":[{"embeddable":true,"href":"https:\/\/wfj.salver.se\/de\/wp-json\/wp\/v2\/comments?post=8"}],"version-history":[{"count":1,"href":"https:\/\/wfj.salver.se\/de\/wp-json\/wp\/v2\/pages\/8\/revisions"}],"predecessor-version":[{"id":14,"href":"https:\/\/wfj.salver.se\/de\/wp-json\/wp\/v2\/pages\/8\/revisions\/14"}],"wp:attachment":[{"href":"https:\/\/wfj.salver.se\/de\/wp-json\/wp\/v2\/media?parent=8"}],"curies":[{"name":"wp","href":"https:\/\/api.w.org\/{rel}","templated":true}]}}