{"id":7,"date":"2021-04-08T08:48:55","date_gmt":"2021-04-08T08:48:55","guid":{"rendered":"http:\/\/wfj.salver.se\/?page_id=7"},"modified":"2021-04-08T08:48:55","modified_gmt":"2021-04-08T08:48:55","slug":"om","status":"publish","type":"page","link":"https:\/\/wfj.salver.se\/de\/om\/","title":{"rendered":"Om"},"content":{"rendered":"\n<p>Du kanske \u00e4r konstn\u00e4r och vill presentera dig sj\u00e4lv och dina arbeten h\u00e4r, eller s\u00e5 kanske du \u00e4r ett f\u00f6retag som vill ber\u00e4tta om din vision.<\/p>\n","protected":false},"excerpt":{"rendered":"<p>Du kanske \u00e4r konstn\u00e4r och vill presentera dig sj\u00e4lv och dina arbeten h\u00e4r, eller s\u00e5 kanske du \u00e4r ett f\u00f6retag som vill ber\u00e4tta om din&hellip;<\/p>\n","protected":false},"author":1,"featured_media":0,"parent":0,"menu_order":0,"comment_status":"closed","ping_status":"closed","template":"","meta":[],"translation":{"provider":"WPGlobus","version":"2.7.3","language":"de","enabled_languages":["sv","gb","de"],"languages":{"sv":{"title":true,"content":true,"excerpt":false},"gb":{"title":false,"content":false,"excerpt":false},"de":{"title":false,"content":false,"excerpt":false}}},"_links":{"self":[{"href":"https:\/\/wfj.salver.se\/de\/wp-json\/wp\/v2\/pages\/7"}],"collection":[{"href":"https:\/\/wfj.salver.se\/de\/wp-json\/wp\/v2\/pages"}],"about":[{"href":"https:\/\/wfj.salver.se\/de\/wp-json\/wp\/v2\/types\/page"}],"author":[{"embeddable":true,"href":"https:\/\/wfj.salver.se\/de\/wp-json\/wp\/v2\/users\/1"}],"replies":[{"embeddable":true,"href":"https:\/\/wfj.salver.se\/de\/wp-json\/wp\/v2\/comments?post=7"}],"version-history":[{"count":1,"href":"https:\/\/wfj.salver.se\/de\/wp-json\/wp\/v2\/pages\/7\/revisions"}],"predecessor-version":[{"id":13,"href":"https:\/\/wfj.salver.se\/de\/wp-json\/wp\/v2\/pages\/7\/revisions\/13"}],"wp:attachment":[{"href":"https:\/\/wfj.salver.se\/de\/wp-json\/wp\/v2\/media?parent=7"}],"curies":[{"name":"wp","href":"https:\/\/api.w.org\/{rel}","templated":true}]}}