{"id":495,"date":"2021-05-11T18:28:37","date_gmt":"2021-05-11T17:28:37","guid":{"rendered":"http:\/\/wfj.salver.se\/?page_id=495"},"modified":"2021-05-18T19:39:28","modified_gmt":"2021-05-18T18:39:28","slug":"overnatta-i-tagvagnen-moj-1001","status":"publish","type":"page","link":"https:\/\/wfj.salver.se\/de\/overnatta-i-tagvagnen-moj-1001\/","title":{"rendered":"\u00d6vernatta i t\u00e5gvagnen M\u00d6J 1001"},"content":{"rendered":"\n<div class=\"wp-block-image\"><figure class=\"aligncenter size-large is-resized\"><img loading=\"lazy\" src=\"http:\/\/wfj.salver.se\/wp-content\/uploads\/2021\/05\/sovvagn-extrior.jpg\" alt=\"\" class=\"wp-image-499\" width=\"661\" height=\"379\" srcset=\"https:\/\/wfj.salver.se\/wp-content\/uploads\/2021\/05\/sovvagn-extrior.jpg 410w, https:\/\/wfj.salver.se\/wp-content\/uploads\/2021\/05\/sovvagn-extrior-300x172.jpg 300w\" sizes=\"(max-width: 661px) 100vw, 661px\" \/><\/figure><\/div>\n\n\n\n<div class=\"wp-block-columns\">\n<div class=\"wp-block-column\" style=\"flex-basis:100%\">\n<div class=\"wp-block-media-text alignwide has-media-on-the-right is-stacked-on-mobile is-vertically-aligned-top\" style=\"grid-template-columns:auto 33%\"><figure class=\"wp-block-media-text__media\"><img loading=\"lazy\" width=\"300\" height=\"200\" src=\"http:\/\/wfj.salver.se\/wp-content\/uploads\/2021\/05\/sovvagn-intrior.jpg\" alt=\"\" class=\"wp-image-497 size-full\"\/><\/figure><div class=\"wp-block-media-text__content\">\n<p class=\"has-text-align-center\">Bo charmigt i t\u00e5gvagn under sommaren. <br>I Samarbete med Slottsg\u00e5rden erbjuds en annorlunda \u00f6vernattning i den fina och inredda vagnen M\u00d6J 1001.<br>Lakan, handdukar, slutst\u00e4dning och frukostbuff\u00e9 ing\u00e5r.<br>Dessutom ing\u00e5r intr\u00e4de till det popul\u00e4ra Leksaks- och Kameramuseum med Fotoutst\u00e4llning!<br>Dusch, wc och frukost i huvudbyggnaden ca 100 meter bort.<\/p>\n\n\n\n<div class=\"wp-block-buttons alignwide is-content-justification-center\">\n<div class=\"wp-block-button is-style-outline\"><a class=\"wp-block-button__link\" href=\"https:\/\/slottsgarden.se\/boende\/\" target=\"_blank\" rel=\"noreferrer noopener\">Boka boendet h\u00e4r<\/a><\/div>\n<\/div>\n\n\n\n<h4 class=\"has-text-align-center\"><br><br><\/h4>\n<\/div><\/div>\n<\/div>\n<\/div>\n\n\n\n<p><\/p>\n","protected":false},"excerpt":{"rendered":"","protected":false},"author":4,"featured_media":0,"parent":0,"menu_order":0,"comment_status":"closed","ping_status":"closed","template":"","meta":[],"translation":{"provider":"WPGlobus","version":"2.7.3","language":"de","enabled_languages":["sv","gb","de"],"languages":{"sv":{"title":true,"content":true,"excerpt":false},"gb":{"title":false,"content":false,"excerpt":false},"de":{"title":false,"content":false,"excerpt":false}}},"_links":{"self":[{"href":"https:\/\/wfj.salver.se\/de\/wp-json\/wp\/v2\/pages\/495"}],"collection":[{"href":"https:\/\/wfj.salver.se\/de\/wp-json\/wp\/v2\/pages"}],"about":[{"href":"https:\/\/wfj.salver.se\/de\/wp-json\/wp\/v2\/types\/page"}],"author":[{"embeddable":true,"href":"https:\/\/wfj.salver.se\/de\/wp-json\/wp\/v2\/users\/4"}],"replies":[{"embeddable":true,"href":"https:\/\/wfj.salver.se\/de\/wp-json\/wp\/v2\/comments?post=495"}],"version-history":[{"count":11,"href":"https:\/\/wfj.salver.se\/de\/wp-json\/wp\/v2\/pages\/495\/revisions"}],"predecessor-version":[{"id":632,"href":"https:\/\/wfj.salver.se\/de\/wp-json\/wp\/v2\/pages\/495\/revisions\/632"}],"wp:attachment":[{"href":"https:\/\/wfj.salver.se\/de\/wp-json\/wp\/v2\/media?parent=495"}],"curies":[{"name":"wp","href":"https:\/\/api.w.org\/{rel}","templated":true}]}}