{"id":160,"date":"2021-05-04T15:35:16","date_gmt":"2021-05-04T14:35:16","guid":{"rendered":"http:\/\/wfj.salver.se\/?page_id=160"},"modified":"2021-06-02T14:45:39","modified_gmt":"2021-06-02T13:45:39","slug":"aka-tag","status":"publish","type":"page","link":"https:\/\/wfj.salver.se\/de\/aka-tag\/","title":{"rendered":"\u00c5ka T\u00e5g"},"content":{"rendered":"\n<div class=\"wp-block-image\"><figure class=\"aligncenter size-large\"><img loading=\"lazy\" width=\"1024\" height=\"576\" src=\"http:\/\/wfj.salver.se\/wp-content\/uploads\/2021\/05\/Aka-Tag-Startsida-1024x576.jpg\" alt=\"\" class=\"wp-image-457\" srcset=\"https:\/\/wfj.salver.se\/wp-content\/uploads\/2021\/05\/Aka-Tag-Startsida-1024x576.jpg 1024w, https:\/\/wfj.salver.se\/wp-content\/uploads\/2021\/05\/Aka-Tag-Startsida-300x169.jpg 300w, https:\/\/wfj.salver.se\/wp-content\/uploads\/2021\/05\/Aka-Tag-Startsida-768x432.jpg 768w, https:\/\/wfj.salver.se\/wp-content\/uploads\/2021\/05\/Aka-Tag-Startsida-1536x864.jpg 1536w, https:\/\/wfj.salver.se\/wp-content\/uploads\/2021\/05\/Aka-Tag-Startsida-2048x1152.jpg 2048w\" sizes=\"(max-width: 1024px) 100vw, 1024px\" \/><\/figure><\/div>\n\n\n\n<div class=\"wp-block-media-text alignwide has-media-on-the-right is-stacked-on-mobile is-vertically-aligned-top\" style=\"grid-template-columns:auto 34%\"><figure class=\"wp-block-media-text__media\"><img loading=\"lazy\" width=\"511\" height=\"1024\" src=\"http:\/\/wfj.salver.se\/wp-content\/uploads\/2021\/05\/Fargtidtabell-WFJ-2021-REV-210509-A5-1-511x1024.jpg\" alt=\"\" class=\"wp-image-414 size-full\" srcset=\"https:\/\/wfj.salver.se\/wp-content\/uploads\/2021\/05\/Fargtidtabell-WFJ-2021-REV-210509-A5-1-511x1024.jpg 511w, https:\/\/wfj.salver.se\/wp-content\/uploads\/2021\/05\/Fargtidtabell-WFJ-2021-REV-210509-A5-1-150x300.jpg 150w, https:\/\/wfj.salver.se\/wp-content\/uploads\/2021\/05\/Fargtidtabell-WFJ-2021-REV-210509-A5-1-768x1540.jpg 768w, https:\/\/wfj.salver.se\/wp-content\/uploads\/2021\/05\/Fargtidtabell-WFJ-2021-REV-210509-A5-1-766x1536.jpg 766w, https:\/\/wfj.salver.se\/wp-content\/uploads\/2021\/05\/Fargtidtabell-WFJ-2021-REV-210509-A5-1.jpg 960w\" sizes=\"(max-width: 511px) 100vw, 511px\" \/><\/figure><div class=\"wp-block-media-text__content\">\n<h3>\u00c5ka med v\u00e5ra t\u00e5g<\/h3>\n\n\n\n<p>T\u00e5gklareraren &#8220;stinsen&#8221;, ger avg\u00e5ng till t\u00e5get som signalerar tillbaka med ett tut. Sakta b\u00f6rjar t\u00e5get rulla ut fr\u00e5n stationen! Upplev en fantastisk resa genom Vadstena till Folketspark i sommar. L\u00e5t dig vaggas fram och k\u00e4nna sp\u00e5rskarvarnas dunk fr\u00e5n en svunnen tid och hur det var att \u00e5ka t\u00e5g under mitten av 1900-talet. <br>Under sommaren 2021 kan man \u00e5ka t\u00e5g fr\u00e5n midsommar till slutet av augusti.<br>Biljetter k\u00f6per man p\u00e5 stationen under trafikdagarna eller vi l\u00e4nken nedan.<br>4-5 september \u00e4r det \u00d6stg\u00f6tadagarna, program kommer senare.<\/p>\n\n\n\n<p>Varmt v\u00e4lkommen ombord p\u00e5 v\u00e5ra t\u00e5g i sommar.<\/p>\n\n\n\n<p><\/p>\n\n\n\n<div class=\"wp-block-columns\">\n<div class=\"wp-block-column\" style=\"flex-basis:100%\">\n<div class=\"wp-block-buttons\">\n<div class=\"wp-block-button is-style-outline\"><a class=\"wp-block-button__link\" href=\"https:\/\/salver.se\/app\/walk\/447\" target=\"_blank\" rel=\"noreferrer noopener\">Boka Biljett<\/a><\/div>\n<\/div>\n<\/div>\n<\/div>\n\n\n\n<div class=\"wp-block-file alignfull\"><a href=\"http:\/\/wfj.salver.se\/wp-content\/uploads\/2021\/05\/Fargtidtabell-WFJ-2021-REV-210509-A5-1.jpg\">Tidtabell 2021<\/a><a href=\"http:\/\/wfj.salver.se\/wp-content\/uploads\/2021\/05\/Fargtidtabell-WFJ-2021-REV-210509-A5-1.jpg\" class=\"wp-block-file__button\" download>Ladda ner<\/a><\/div>\n<\/div><\/div>\n\n\n\n<div class=\"wp-block-columns\">\n<div class=\"wp-block-column\" style=\"flex-basis:100%\">\n<figure class=\"wp-block-gallery columns-3 is-cropped\"><ul class=\"blocks-gallery-grid\"><li class=\"blocks-gallery-item\"><figure><img loading=\"lazy\" width=\"960\" height=\"718\" src=\"http:\/\/wfj.salver.se\/wp-content\/uploads\/2021\/05\/Ak-Tag-Bakgrund-ljusare-1.jpg\" alt=\"\" data-id=\"427\" data-full-url=\"http:\/\/wfj.salver.se\/wp-content\/uploads\/2021\/05\/Ak-Tag-Bakgrund-ljusare-1.jpg\" data-link=\"http:\/\/wfj.salver.se\/ak-tag-bakgrund-ljusare-2\/\" class=\"wp-image-427\" srcset=\"https:\/\/wfj.salver.se\/wp-content\/uploads\/2021\/05\/Ak-Tag-Bakgrund-ljusare-1.jpg 960w, https:\/\/wfj.salver.se\/wp-content\/uploads\/2021\/05\/Ak-Tag-Bakgrund-ljusare-1-300x224.jpg 300w, https:\/\/wfj.salver.se\/wp-content\/uploads\/2021\/05\/Ak-Tag-Bakgrund-ljusare-1-768x574.jpg 768w\" sizes=\"(max-width: 960px) 100vw, 960px\" \/><\/figure><\/li><li class=\"blocks-gallery-item\"><figure><img loading=\"lazy\" width=\"1024\" height=\"859\" src=\"http:\/\/wfj.salver.se\/wp-content\/uploads\/2021\/05\/Nostalgiafton_190724_J-1024x859.jpg\" alt=\"\" data-id=\"831\" data-full-url=\"http:\/\/wfj.salver.se\/wp-content\/uploads\/2021\/05\/Nostalgiafton_190724_J-scaled.jpg\" data-link=\"http:\/\/wfj.salver.se\/aka-tag\/attachment\/nostalgiafton_190724_j\/\" class=\"wp-image-831\" srcset=\"https:\/\/wfj.salver.se\/wp-content\/uploads\/2021\/05\/Nostalgiafton_190724_J-1024x859.jpg 1024w, https:\/\/wfj.salver.se\/wp-content\/uploads\/2021\/05\/Nostalgiafton_190724_J-300x252.jpg 300w, https:\/\/wfj.salver.se\/wp-content\/uploads\/2021\/05\/Nostalgiafton_190724_J-768x644.jpg 768w, https:\/\/wfj.salver.se\/wp-content\/uploads\/2021\/05\/Nostalgiafton_190724_J-1536x1289.jpg 1536w, https:\/\/wfj.salver.se\/wp-content\/uploads\/2021\/05\/Nostalgiafton_190724_J-2048x1719.jpg 2048w\" sizes=\"(max-width: 1024px) 100vw, 1024px\" \/><\/figure><\/li><li class=\"blocks-gallery-item\"><figure><img loading=\"lazy\" width=\"800\" height=\"600\" src=\"http:\/\/wfj.salver.se\/wp-content\/uploads\/2021\/05\/Ralsbusskurs_388_640x480.jpg\" alt=\"\" data-id=\"224\" data-full-url=\"http:\/\/wfj.salver.se\/wp-content\/uploads\/2021\/05\/Ralsbusskurs_388_640x480.jpg\" data-link=\"http:\/\/wfj.salver.se\/aka-tag\/attachment\/ralsbusskurs_388_640x480\/\" class=\"wp-image-224\" srcset=\"https:\/\/wfj.salver.se\/wp-content\/uploads\/2021\/05\/Ralsbusskurs_388_640x480.jpg 800w, https:\/\/wfj.salver.se\/wp-content\/uploads\/2021\/05\/Ralsbusskurs_388_640x480-300x225.jpg 300w, https:\/\/wfj.salver.se\/wp-content\/uploads\/2021\/05\/Ralsbusskurs_388_640x480-768x576.jpg 768w\" sizes=\"(max-width: 800px) 100vw, 800px\" \/><\/figure><\/li><li class=\"blocks-gallery-item\"><figure><img loading=\"lazy\" width=\"1024\" height=\"722\" src=\"http:\/\/wfj.salver.se\/wp-content\/uploads\/2021\/05\/Storugns-vaxlar-cafetaget-130825-1024x722.jpg\" alt=\"\" data-id=\"422\" data-full-url=\"http:\/\/wfj.salver.se\/wp-content\/uploads\/2021\/05\/Storugns-vaxlar-cafetaget-130825-scaled.jpg\" data-link=\"http:\/\/wfj.salver.se\/aka-tag\/attachment\/storugns-vaxlar-cafetaget-130825\/\" class=\"wp-image-422\" srcset=\"https:\/\/wfj.salver.se\/wp-content\/uploads\/2021\/05\/Storugns-vaxlar-cafetaget-130825-1024x722.jpg 1024w, https:\/\/wfj.salver.se\/wp-content\/uploads\/2021\/05\/Storugns-vaxlar-cafetaget-130825-300x211.jpg 300w, https:\/\/wfj.salver.se\/wp-content\/uploads\/2021\/05\/Storugns-vaxlar-cafetaget-130825-768x541.jpg 768w, https:\/\/wfj.salver.se\/wp-content\/uploads\/2021\/05\/Storugns-vaxlar-cafetaget-130825-1536x1082.jpg 1536w, https:\/\/wfj.salver.se\/wp-content\/uploads\/2021\/05\/Storugns-vaxlar-cafetaget-130825-2048x1443.jpg 2048w\" sizes=\"(max-width: 1024px) 100vw, 1024px\" \/><\/figure><\/li><li class=\"blocks-gallery-item\"><figure><img loading=\"lazy\" width=\"1024\" height=\"713\" src=\"http:\/\/wfj.salver.se\/wp-content\/uploads\/2021\/05\/Ralsbussen-klar-avgang-170820-1024x713.jpg\" alt=\"\" data-id=\"419\" data-full-url=\"http:\/\/wfj.salver.se\/wp-content\/uploads\/2021\/05\/Ralsbussen-klar-avgang-170820-scaled.jpg\" data-link=\"http:\/\/wfj.salver.se\/aka-tag\/attachment\/ralsbussen-klar-avgang-170820\/\" class=\"wp-image-419\" srcset=\"https:\/\/wfj.salver.se\/wp-content\/uploads\/2021\/05\/Ralsbussen-klar-avgang-170820-1024x713.jpg 1024w, https:\/\/wfj.salver.se\/wp-content\/uploads\/2021\/05\/Ralsbussen-klar-avgang-170820-300x209.jpg 300w, https:\/\/wfj.salver.se\/wp-content\/uploads\/2021\/05\/Ralsbussen-klar-avgang-170820-768x535.jpg 768w, https:\/\/wfj.salver.se\/wp-content\/uploads\/2021\/05\/Ralsbussen-klar-avgang-170820-1536x1070.jpg 1536w, https:\/\/wfj.salver.se\/wp-content\/uploads\/2021\/05\/Ralsbussen-klar-avgang-170820-2048x1427.jpg 2048w\" sizes=\"(max-width: 1024px) 100vw, 1024px\" \/><\/figure><\/li><\/ul><\/figure>\n<\/div>\n<\/div>\n\n\n\n<p><\/p>\n","protected":false},"excerpt":{"rendered":"","protected":false},"author":1,"featured_media":0,"parent":0,"menu_order":0,"comment_status":"closed","ping_status":"closed","template":"","meta":[],"translation":{"provider":"WPGlobus","version":"2.7.3","language":"de","enabled_languages":["sv","gb","de"],"languages":{"sv":{"title":true,"content":true,"excerpt":false},"gb":{"title":false,"content":false,"excerpt":false},"de":{"title":false,"content":false,"excerpt":false}}},"_links":{"self":[{"href":"https:\/\/wfj.salver.se\/de\/wp-json\/wp\/v2\/pages\/160"}],"collection":[{"href":"https:\/\/wfj.salver.se\/de\/wp-json\/wp\/v2\/pages"}],"about":[{"href":"https:\/\/wfj.salver.se\/de\/wp-json\/wp\/v2\/types\/page"}],"author":[{"embeddable":true,"href":"https:\/\/wfj.salver.se\/de\/wp-json\/wp\/v2\/users\/1"}],"replies":[{"embeddable":true,"href":"https:\/\/wfj.salver.se\/de\/wp-json\/wp\/v2\/comments?post=160"}],"version-history":[{"count":106,"href":"https:\/\/wfj.salver.se\/de\/wp-json\/wp\/v2\/pages\/160\/revisions"}],"predecessor-version":[{"id":843,"href":"https:\/\/wfj.salver.se\/de\/wp-json\/wp\/v2\/pages\/160\/revisions\/843"}],"wp:attachment":[{"href":"https:\/\/wfj.salver.se\/de\/wp-json\/wp\/v2\/media?parent=160"}],"curies":[{"name":"wp","href":"https:\/\/api.w.org\/{rel}","templated":true}]}}